{"id":1874,"date":"2018-07-21T07:25:09","date_gmt":"2018-07-21T07:25:09","guid":{"rendered":"https:\/\/rafting-pirate.com\/?page_id=1874"},"modified":"2022-04-16T12:17:17","modified_gmt":"2022-04-16T12:17:17","slug":"obavijest-o-pisanim-prigovorima","status":"publish","type":"page","link":"https:\/\/rafting-pirate.com\/hr\/obavijest-o-pisanim-prigovorima\/","title":{"rendered":"Obavijest o pisanim prigovorima"},"content":{"rendered":"<p>[fusion_builder_container hundred_percent=&#8221;no&#8221; hundred_percent_height=&#8221;no&#8221; hundred_percent_height_scroll=&#8221;no&#8221; hundred_percent_height_center_content=&#8221;yes&#8221; equal_height_columns=&#8221;no&#8221; menu_anchor=&#8221;&#8221; hide_on_mobile=&#8221;small-visibility,medium-visibility,large-visibility&#8221; class=&#8221;&#8221; id=&#8221;&#8221; background_color=&#8221;&#8221; background_image=&#8221;&#8221; background_position=&#8221;center center&#8221; background_repeat=&#8221;no-repeat&#8221; fade=&#8221;no&#8221; background_parallax=&#8221;none&#8221; enable_mobile=&#8221;no&#8221; parallax_speed=&#8221;0.3&#8243; video_mp4=&#8221;&#8221; video_webm=&#8221;&#8221; video_ogv=&#8221;&#8221; video_url=&#8221;&#8221; video_aspect_ratio=&#8221;16:9&#8243; video_loop=&#8221;yes&#8221; video_mute=&#8221;yes&#8221; video_preview_image=&#8221;&#8221; border_color=&#8221;&#8221; border_style=&#8221;solid&#8221; margin_top=&#8221;&#8221; margin_bottom=&#8221;&#8221; padding_top=&#8221;&#8221; padding_right=&#8221;&#8221; padding_bottom=&#8221;&#8221; padding_left=&#8221;&#8221; type=&#8221;flex&#8221;][fusion_builder_row][fusion_builder_column type=&#8221;1_1&#8243; layout=&#8221;1_1&#8243; spacing=&#8221;&#8221; center_content=&#8221;no&#8221; link=&#8221;&#8221; target=&#8221;_self&#8221; min_height=&#8221;&#8221; hide_on_mobile=&#8221;small-visibility,medium-visibility,large-visibility&#8221; class=&#8221;&#8221; id=&#8221;&#8221; background_color=&#8221;&#8221; background_image=&#8221;&#8221; background_position=&#8221;left top&#8221; background_repeat=&#8221;no-repeat&#8221; hover_type=&#8221;none&#8221; border_color=&#8221;&#8221; border_style=&#8221;solid&#8221; border_position=&#8221;all&#8221; padding_top=&#8221;&#8221; padding_right=&#8221;&#8221; padding_bottom=&#8221;&#8221; padding_left=&#8221;&#8221; margin_top=&#8221;&#8221; margin_bottom=&#8221;&#8221; animation_type=&#8221;&#8221; animation_direction=&#8221;left&#8221; animation_speed=&#8221;0.3&#8243; animation_offset=&#8221;&#8221; last=&#8221;true&#8221; border_sizes_top=&#8221;0&#8243; border_sizes_bottom=&#8221;0&#8243; border_sizes_left=&#8221;0&#8243; border_sizes_right=&#8221;0&#8243; first=&#8221;true&#8221;][fusion_text columns=&#8221;&#8221; column_min_width=&#8221;&#8221; column_spacing=&#8221;&#8221; rule_style=&#8221;default&#8221; rule_size=&#8221;&#8221; rule_color=&#8221;&#8221; class=&#8221;&#8221; id=&#8221;&#8221;]<\/p>\n<h1 style=\"text-align: left;\">Obavijest o pisanim prigovorima<\/h1>\n<p>[\/fusion_text][fusion_text columns=&#8221;&#8221; column_min_width=&#8221;&#8221; column_spacing=&#8221;&#8221; rule_style=&#8221;default&#8221; rule_size=&#8221;&#8221; rule_color=&#8221;&#8221; class=&#8221;&#8221; id=&#8221;&#8221;]<\/p>\n<div style=\"text-align: justify;\">Sukladno odredbama \u010dlanka 6. Stavak 3. Zakona o pru\u017eanju usluga u turizmu NN br. 130\/17). obavje\u0161tavamo potro\u0161a\u010de da svoje pisane prigovore mogu podnijeti u ovim poslovnim prostorijama i to u obrazac KNJIGE PISANIH PRIGOVORA,\u00a0 kao i putem po\u0161te na adresu: Jadranska 24, Dugi Rat 21315. Sezonski obrt za turizam Pirate ili putem maila: <a href=\"mailto:info@rafting-pirate.com\">info@rafting-pirate.com<\/a>. Molimo potro\u0161a\u010de da prilikom podno\u0161enja pisanih prigovora ostave podatke i to: Ime i prezime, ulica i ku\u0107ni broj, mjesto, kako bi u zakonskom roku mogli odgovoriti na isti.\u00a0Na prigovore se mora odgovoriti u zakonskom roku od 15 dana od dana zaprimanja prigovora.<\/div>\n<p>[\/fusion_text][fusion_separator style_type=&#8221;single solid&#8221; hide_on_mobile=&#8221;small-visibility,medium-visibility,large-visibility&#8221; class=&#8221;&#8221; id=&#8221;&#8221; sep_color=&#8221;#45494e&#8221; top_margin=&#8221;20&#8243; bottom_margin=&#8221;20&#8243; border_size=&#8221;3&#8243; icon=&#8221;&#8221; icon_circle=&#8221;&#8221; icon_circle_color=&#8221;&#8221; width=&#8221;&#8221; alignment=&#8221;center&#8221; \/][\/fusion_builder_column][\/fusion_builder_row][\/fusion_builder_container]<\/p>\n","protected":false},"excerpt":{"rendered":"<p>[fusion_builder_container hundred_percent=&#8221;no&#8221; hundred_percent_height=&#8221;no&#8221; hundred_percent_height_scroll=&#8221;no&#8221; hundred_percent_height_center_content=&#8221;yes&#8221; equal_height_columns=&#8221;no&#8221; menu_anchor=&#8221;&#8221; hide_on_mobile=&#8221;small-visibility,medium-visibility,large-visibility&#8221; class=&#8221;&#8221; id=&#8221;&#8221; background_color=&#8221;&#8221; background_image=&#8221;&#8221; background_position=&#8221;center center&#8221; background_repeat=&#8221;no-repeat&#8221; fade=&#8221;no&#8221; background_parallax=&#8221;none&#8221; enable_mobile=&#8221;no&#8221; parallax_speed=&#8221;0.3&#8243; video_mp4=&#8221;&#8221; video_webm=&#8221;&#8221; video_ogv=&#8221;&#8221; video_url=&#8221;&#8221; video_aspect_ratio=&#8221;16:9&#8243; video_loop=&#8221;yes&#8221; video_mute=&#8221;yes&#8221; video_preview_image=&#8221;&#8221; border_color=&#8221;&#8221; border_style=&#8221;solid&#8221; margin_top=&#8221;&#8221; margin_bottom=&#8221;&#8221; padding_top=&#8221;&#8221; padding_right=&#8221;&#8221; padding_bottom=&#8221;&#8221; padding_left=&#8221;&#8221; type=&#8221;flex&#8221;][fusion_builder_row][fusion_builder_column type=&#8221;1_1&#8243; layout=&#8221;1_1&#8243; spacing=&#8221;&#8221; center_content=&#8221;no&#8221; link=&#8221;&#8221; target=&#8221;_self&#8221; min_height=&#8221;&#8221; hide_on_mobile=&#8221;small-visibility,medium-visibility,large-visibility&#8221; class=&#8221;&#8221; id=&#8221;&#8221; background_color=&#8221;&#8221; background_image=&#8221;&#8221; background_position=&#8221;left top&#8221; background_repeat=&#8221;no-repeat&#8221; hover_type=&#8221;none&#8221; border_color=&#8221;&#8221; border_style=&#8221;solid&#8221; border_position=&#8221;all&#8221; [&hellip;]<\/p>\n","protected":false},"author":2,"featured_media":0,"parent":0,"menu_order":0,"comment_status":"closed","ping_status":"closed","template":"","meta":[],"yoast_head":"<!-- This site is optimized with the Yoast SEO plugin v20.6 - https:\/\/yoast.com\/wordpress\/plugins\/seo\/ -->\n<title>Obavijest o pisanim prigovorima - Rafting Pirate<\/title>\n<meta name=\"description\" content=\"Obavijest o pisanim prigovorima\" \/>\n<meta name=\"robots\" content=\"index, follow, max-snippet:-1, max-image-preview:large, max-video-preview:-1\" \/>\n<link rel=\"canonical\" href=\"https:\/\/rafting-pirate.com\/hr\/obavijest-o-pisanim-prigovorima\/\" \/>\n<meta property=\"og:locale\" content=\"hr_HR\" \/>\n<meta property=\"og:type\" content=\"article\" \/>\n<meta property=\"og:title\" content=\"Obavijest o pisanim prigovorima - Rafting Pirate\" \/>\n<meta property=\"og:description\" content=\"Obavijest o pisanim prigovorima\" \/>\n<meta property=\"og:url\" content=\"https:\/\/rafting-pirate.com\/hr\/obavijest-o-pisanim-prigovorima\/\" \/>\n<meta property=\"og:site_name\" content=\"Rafting Pirate\" \/>\n<meta property=\"article:modified_time\" content=\"2022-04-16T12:17:17+00:00\" \/>\n<meta name=\"twitter:card\" content=\"summary_large_image\" \/>\n<meta name=\"twitter:label1\" content=\"Procijenjeno vrijeme \u010ditanja\" \/>\n\t<meta name=\"twitter:data1\" content=\"2 minute\" \/>\n<script type=\"application\/ld+json\" class=\"yoast-schema-graph\">{\"@context\":\"https:\/\/schema.org\",\"@graph\":[{\"@type\":\"WebPage\",\"@id\":\"https:\/\/rafting-pirate.com\/hr\/obavijest-o-pisanim-prigovorima\/\",\"url\":\"https:\/\/rafting-pirate.com\/hr\/obavijest-o-pisanim-prigovorima\/\",\"name\":\"Obavijest o pisanim prigovorima - Rafting Pirate\",\"isPartOf\":{\"@id\":\"\/#website\"},\"datePublished\":\"2018-07-21T07:25:09+00:00\",\"dateModified\":\"2022-04-16T12:17:17+00:00\",\"description\":\"Obavijest o pisanim prigovorima\",\"breadcrumb\":{\"@id\":\"https:\/\/rafting-pirate.com\/hr\/obavijest-o-pisanim-prigovorima\/#breadcrumb\"},\"inLanguage\":\"hr\",\"potentialAction\":[{\"@type\":\"ReadAction\",\"target\":[\"https:\/\/rafting-pirate.com\/hr\/obavijest-o-pisanim-prigovorima\/\"]}]},{\"@type\":\"BreadcrumbList\",\"@id\":\"https:\/\/rafting-pirate.com\/hr\/obavijest-o-pisanim-prigovorima\/#breadcrumb\",\"itemListElement\":[{\"@type\":\"ListItem\",\"position\":1,\"name\":\"Home\",\"item\":\"https:\/\/rafting-pirate.com\/hr\/\"},{\"@type\":\"ListItem\",\"position\":2,\"name\":\"Obavijest o pisanim prigovorima\"}]},{\"@type\":\"WebSite\",\"@id\":\"\/#website\",\"url\":\"\/\",\"name\":\"Rafting Pirate\",\"description\":\"Fantastic rafting on Cetina beauty!\",\"publisher\":{\"@id\":\"\/#organization\"},\"potentialAction\":[{\"@type\":\"SearchAction\",\"target\":{\"@type\":\"EntryPoint\",\"urlTemplate\":\"\/?s={search_term_string}\"},\"query-input\":\"required name=search_term_string\"}],\"inLanguage\":\"hr\"},{\"@type\":\"Organization\",\"@id\":\"\/#organization\",\"name\":\"Rafting Pirate\",\"url\":\"\/\",\"logo\":{\"@type\":\"ImageObject\",\"inLanguage\":\"hr\",\"@id\":\"\/#\/schema\/logo\/image\/\",\"url\":\"https:\/\/rafting-pirate.com\/wp-content\/uploads\/2023\/04\/Logo-color.svg\",\"contentUrl\":\"https:\/\/rafting-pirate.com\/wp-content\/uploads\/2023\/04\/Logo-color.svg\",\"width\":841.89,\"height\":595.28,\"caption\":\"Rafting Pirate\"},\"image\":{\"@id\":\"\/#\/schema\/logo\/image\/\"}}]}<\/script>\n<!-- \/ Yoast SEO plugin. -->","yoast_head_json":{"title":"Obavijest o pisanim prigovorima - Rafting Pirate","description":"Obavijest o pisanim prigovorima","robots":{"index":"index","follow":"follow","max-snippet":"max-snippet:-1","max-image-preview":"max-image-preview:large","max-video-preview":"max-video-preview:-1"},"canonical":"https:\/\/rafting-pirate.com\/hr\/obavijest-o-pisanim-prigovorima\/","og_locale":"hr_HR","og_type":"article","og_title":"Obavijest o pisanim prigovorima - Rafting Pirate","og_description":"Obavijest o pisanim prigovorima","og_url":"https:\/\/rafting-pirate.com\/hr\/obavijest-o-pisanim-prigovorima\/","og_site_name":"Rafting Pirate","article_modified_time":"2022-04-16T12:17:17+00:00","twitter_card":"summary_large_image","twitter_misc":{"Procijenjeno vrijeme \u010ditanja":"2 minute"},"schema":{"@context":"https:\/\/schema.org","@graph":[{"@type":"WebPage","@id":"https:\/\/rafting-pirate.com\/hr\/obavijest-o-pisanim-prigovorima\/","url":"https:\/\/rafting-pirate.com\/hr\/obavijest-o-pisanim-prigovorima\/","name":"Obavijest o pisanim prigovorima - Rafting Pirate","isPartOf":{"@id":"\/#website"},"datePublished":"2018-07-21T07:25:09+00:00","dateModified":"2022-04-16T12:17:17+00:00","description":"Obavijest o pisanim prigovorima","breadcrumb":{"@id":"https:\/\/rafting-pirate.com\/hr\/obavijest-o-pisanim-prigovorima\/#breadcrumb"},"inLanguage":"hr","potentialAction":[{"@type":"ReadAction","target":["https:\/\/rafting-pirate.com\/hr\/obavijest-o-pisanim-prigovorima\/"]}]},{"@type":"BreadcrumbList","@id":"https:\/\/rafting-pirate.com\/hr\/obavijest-o-pisanim-prigovorima\/#breadcrumb","itemListElement":[{"@type":"ListItem","position":1,"name":"Home","item":"https:\/\/rafting-pirate.com\/hr\/"},{"@type":"ListItem","position":2,"name":"Obavijest o pisanim prigovorima"}]},{"@type":"WebSite","@id":"\/#website","url":"\/","name":"Rafting Pirate","description":"Fantastic rafting on Cetina beauty!","publisher":{"@id":"\/#organization"},"potentialAction":[{"@type":"SearchAction","target":{"@type":"EntryPoint","urlTemplate":"\/?s={search_term_string}"},"query-input":"required name=search_term_string"}],"inLanguage":"hr"},{"@type":"Organization","@id":"\/#organization","name":"Rafting Pirate","url":"\/","logo":{"@type":"ImageObject","inLanguage":"hr","@id":"\/#\/schema\/logo\/image\/","url":"https:\/\/rafting-pirate.com\/wp-content\/uploads\/2023\/04\/Logo-color.svg","contentUrl":"https:\/\/rafting-pirate.com\/wp-content\/uploads\/2023\/04\/Logo-color.svg","width":841.89,"height":595.28,"caption":"Rafting Pirate"},"image":{"@id":"\/#\/schema\/logo\/image\/"}}]}},"_links":{"self":[{"href":"https:\/\/rafting-pirate.com\/hr\/wp-json\/wp\/v2\/pages\/1874"}],"collection":[{"href":"https:\/\/rafting-pirate.com\/hr\/wp-json\/wp\/v2\/pages"}],"about":[{"href":"https:\/\/rafting-pirate.com\/hr\/wp-json\/wp\/v2\/types\/page"}],"author":[{"embeddable":true,"href":"https:\/\/rafting-pirate.com\/hr\/wp-json\/wp\/v2\/users\/2"}],"replies":[{"embeddable":true,"href":"https:\/\/rafting-pirate.com\/hr\/wp-json\/wp\/v2\/comments?post=1874"}],"version-history":[{"count":1,"href":"https:\/\/rafting-pirate.com\/hr\/wp-json\/wp\/v2\/pages\/1874\/revisions"}],"predecessor-version":[{"id":3920,"href":"https:\/\/rafting-pirate.com\/hr\/wp-json\/wp\/v2\/pages\/1874\/revisions\/3920"}],"wp:attachment":[{"href":"https:\/\/rafting-pirate.com\/hr\/wp-json\/wp\/v2\/media?parent=1874"}],"curies":[{"name":"wp","href":"https:\/\/api.w.org\/{rel}","templated":true}]}}