{"id":10960,"date":"2023-04-26T16:35:25","date_gmt":"2023-04-26T16:35:25","guid":{"rendered":"https:\/\/rafting-pirate.com\/?page_id=10960"},"modified":"2023-05-08T06:37:43","modified_gmt":"2023-05-08T06:37:43","slug":"izjava-o-privatnosti","status":"publish","type":"page","link":"https:\/\/rafting-pirate.com\/hr\/izjava-o-privatnosti\/","title":{"rendered":"Izjava o privatnosti"},"content":{"rendered":"\t\t<div data-elementor-type=\"wp-page\" data-elementor-id=\"10960\" class=\"elementor elementor-10960 elementor-10658\">\n\t\t\t\t\t\t\t<div class=\"elementor-element elementor-element-cccd9ea e-con-boxed e-con\" data-id=\"cccd9ea\" data-element_type=\"container\" data-settings=\"{&quot;jet_parallax_layout_list&quot;:[],&quot;content_width&quot;:&quot;boxed&quot;}\">\n\t\t\t\t\t<div class=\"e-con-inner\">\n\t\t\t\t<div class=\"elementor-element elementor-element-d58dbbd elementor-widget__width-initial elementor-widget-divider--view-line elementor-widget elementor-widget-divider\" data-id=\"d58dbbd\" data-element_type=\"widget\" data-widget_type=\"divider.default\">\n\t\t\t\t<div class=\"elementor-widget-container\">\n\t\t\t<style>\/*! elementor - v3.12.2 - 23-04-2023 *\/\n.elementor-widget-divider{--divider-border-style:none;--divider-border-width:1px;--divider-color:#0c0d0e;--divider-icon-size:20px;--divider-element-spacing:10px;--divider-pattern-height:24px;--divider-pattern-size:20px;--divider-pattern-url:none;--divider-pattern-repeat:repeat-x}.elementor-widget-divider .elementor-divider{display:flex}.elementor-widget-divider .elementor-divider__text{font-size:15px;line-height:1;max-width:95%}.elementor-widget-divider .elementor-divider__element{margin:0 var(--divider-element-spacing);flex-shrink:0}.elementor-widget-divider .elementor-icon{font-size:var(--divider-icon-size)}.elementor-widget-divider .elementor-divider-separator{display:flex;margin:0;direction:ltr}.elementor-widget-divider--view-line_icon .elementor-divider-separator,.elementor-widget-divider--view-line_text .elementor-divider-separator{align-items:center}.elementor-widget-divider--view-line_icon .elementor-divider-separator:after,.elementor-widget-divider--view-line_icon .elementor-divider-separator:before,.elementor-widget-divider--view-line_text .elementor-divider-separator:after,.elementor-widget-divider--view-line_text .elementor-divider-separator:before{display:block;content:\"\";border-bottom:0;flex-grow:1;border-top:var(--divider-border-width) var(--divider-border-style) var(--divider-color)}.elementor-widget-divider--element-align-left .elementor-divider .elementor-divider-separator>.elementor-divider__svg:first-of-type{flex-grow:0;flex-shrink:100}.elementor-widget-divider--element-align-left .elementor-divider-separator:before{content:none}.elementor-widget-divider--element-align-left .elementor-divider__element{margin-left:0}.elementor-widget-divider--element-align-right .elementor-divider .elementor-divider-separator>.elementor-divider__svg:last-of-type{flex-grow:0;flex-shrink:100}.elementor-widget-divider--element-align-right .elementor-divider-separator:after{content:none}.elementor-widget-divider--element-align-right .elementor-divider__element{margin-right:0}.elementor-widget-divider:not(.elementor-widget-divider--view-line_text):not(.elementor-widget-divider--view-line_icon) .elementor-divider-separator{border-top:var(--divider-border-width) var(--divider-border-style) var(--divider-color)}.elementor-widget-divider--separator-type-pattern{--divider-border-style:none}.elementor-widget-divider--separator-type-pattern.elementor-widget-divider--view-line .elementor-divider-separator,.elementor-widget-divider--separator-type-pattern:not(.elementor-widget-divider--view-line) .elementor-divider-separator:after,.elementor-widget-divider--separator-type-pattern:not(.elementor-widget-divider--view-line) .elementor-divider-separator:before,.elementor-widget-divider--separator-type-pattern:not([class*=elementor-widget-divider--view]) .elementor-divider-separator{width:100%;min-height:var(--divider-pattern-height);-webkit-mask-size:var(--divider-pattern-size) 100%;mask-size:var(--divider-pattern-size) 100%;-webkit-mask-repeat:var(--divider-pattern-repeat);mask-repeat:var(--divider-pattern-repeat);background-color:var(--divider-color);-webkit-mask-image:var(--divider-pattern-url);mask-image:var(--divider-pattern-url)}.elementor-widget-divider--no-spacing{--divider-pattern-size:auto}.elementor-widget-divider--bg-round{--divider-pattern-repeat:round}.rtl .elementor-widget-divider .elementor-divider__text{direction:rtl}.e-con-inner>.elementor-widget-divider,.e-con>.elementor-widget-divider{width:var(--container-widget-width,100%);--flex-grow:var(--container-widget-flex-grow)}<\/style>\t\t<div class=\"elementor-divider\">\n\t\t\t<span class=\"elementor-divider-separator\">\n\t\t\t\t\t\t<\/span>\n\t\t<\/div>\n\t\t\t\t<\/div>\n\t\t\t\t<\/div>\n\t\t\t\t<div class=\"elementor-element elementor-element-babba31 elementor-widget__width-initial elementor-widget-divider--view-line elementor-widget elementor-widget-divider\" data-id=\"babba31\" data-element_type=\"widget\" data-widget_type=\"divider.default\">\n\t\t\t\t<div class=\"elementor-widget-container\">\n\t\t\t\t\t<div class=\"elementor-divider\">\n\t\t\t<span class=\"elementor-divider-separator\">\n\t\t\t\t\t\t<\/span>\n\t\t<\/div>\n\t\t\t\t<\/div>\n\t\t\t\t<\/div>\n\t\t\t\t\t<\/div>\n\t\t\t\t<\/div>\n\t\t<div class=\"elementor-element elementor-element-3a46882 e-con-boxed e-con\" data-id=\"3a46882\" data-element_type=\"container\" data-settings=\"{&quot;jet_parallax_layout_list&quot;:[],&quot;content_width&quot;:&quot;boxed&quot;}\">\n\t\t\t\t\t<div class=\"e-con-inner\">\n\t\t\t\t<div class=\"elementor-element elementor-element-dd87ff1 elementor-widget elementor-widget-text-editor\" data-id=\"dd87ff1\" data-element_type=\"widget\" data-widget_type=\"text-editor.default\">\n\t\t\t\t<div class=\"elementor-widget-container\">\n\t\t\t<style>\/*! elementor - v3.12.2 - 23-04-2023 *\/\n.elementor-widget-text-editor.elementor-drop-cap-view-stacked .elementor-drop-cap{background-color:#69727d;color:#fff}.elementor-widget-text-editor.elementor-drop-cap-view-framed .elementor-drop-cap{color:#69727d;border:3px solid;background-color:transparent}.elementor-widget-text-editor:not(.elementor-drop-cap-view-default) .elementor-drop-cap{margin-top:8px}.elementor-widget-text-editor:not(.elementor-drop-cap-view-default) .elementor-drop-cap-letter{width:1em;height:1em}.elementor-widget-text-editor .elementor-drop-cap{float:left;text-align:center;line-height:1;font-size:50px}.elementor-widget-text-editor .elementor-drop-cap-letter{display:inline-block}<\/style>\t\t\t\t<p>Kori\u0161tenjem web stranice Rafting Pirate ili bilo koje od ovdje navedenih usluga pristajete na ovdje navedene uvjete kori\u0161tenja. Ako se ne sla\u017eete s uvjetima kori\u0161tenja nemojte koristiti ovu stranicu.<\/p><p>Izri\u010dito izjavljujem da podno\u0161enjem zahtjeva i zahtjeva za rezervacije Rafting Piratu dobrovoljno stavljate na raspolaganje potrebne podatke i dopu\u0161tate im da ih koriste za sve poslove koje upisujete i prijavljujete Rafting Piratu.<\/p><p>1. Prikupljanje i kori\u0161tenje informacija<\/p><p>Sukladno Zakonu o za\u0161titi privatnosti Rafting Pirat se obvezuje prikupljati osobne podatke svojih korisnika samo i isklju\u010divo uz njihovo dopu\u0161tenje iu svrhu s kojom je korisnik usluge prethodno upoznat. U svrhu realizacije tra\u017eenih usluga i pru\u017eanja potrebnih informacija u vezi istih, Rafting Gusar \u0107e koristiti samo podatke koje nam Vi osobno date. Obvezujemo se da ih ne\u0107emo prodavati, iznositi u javnost ili davati tre\u0107oj strani na na\u010din koji nije naveden u ovoj izjavi. Svaki korisnik ima pravo u bilo kojem trenutku zatra\u017eiti brisanje ili a\u017euriranje svojih podataka, slanjem obavijesti na na\u0161 email.<\/p><p>2. Rezervacija usluga<\/p><p>Prilikom kori\u0161tenja na\u0161e usluge, kupnje proizvoda i sl. od krajnjih korisnika tra\u017eit \u0107emo osobne podatke (ime, prezime, kontakt broj), odnosno podatke koji su nam potrebni za valjanost usluge. Ovi podaci \u0107e se koristiti samo za realizaciju usluge i bit \u0107e dostupni samo partnerima koji sudjeluju u realizaciji usluge. Podaci o pla\u0107anju (kao \u0161to su brojevi kartice itd.) posebno su za\u0161ti\u0107eni i dostupni su samo bankama ili vlasnicima kreditnih kartica zbog potrebe za autorizacijom pla\u0107anja.<br \/>Izri\u010dito navodimo kada trebamo va\u0161e osobne podatke. Va\u0161e osobne podatke proslje\u0111ujemo relevantnoj tre\u0107oj strani koja je pru\u017eatelj usluge koju ste platili putem Rafting Pirate<\/p><p>Podsje\u0107amo da morate biti punoljetni za izvr\u0161avanje transakcija putem na\u0161ih stranica, te ovime prihva\u0107ate financijsku odgovornost za transakcije koje obavljate va\u0161e osobe ili maloljetne osobe koje \u017eive u va\u0161em ku\u0107anstvu. Odgovorni ste za nadzor nad maloljetnicima koji ovdje koriste va\u0161e podatke i za istinitost i to\u010dnost podataka koje nam dajete za rezervaciju ili financijsku transakciju. U slu\u010daju bilo kakve zlouporabe ove stranice (uno\u0161enje la\u017ene rezervacije ili sli\u010dno) biti \u0107e onemogu\u0107en pristup na\u0161im stranicama.<\/p><p>Ukoliko primijetite da Rafting Pirate ne po\u0161tuje ova na\u010dela ili imate bilo kakve druge primjedbe na na\u010din poslovanja, javite nam na na\u0161u e-mail adresu, a mi \u0107emo poduzeti sve ekonomski opravdane napore da istra\u017eimo i rije\u0161imo problem \u010dim mogu\u0107e.<\/p><p>Web stranica Rafting Pirate koristi Google Analytics u svrhu remarketinga.<\/p><p>3. Ostale web stranice i kola\u010di\u0107i<\/p><p>Web stranice Rafting Pirate sadr\u017ee poveznice na druge web stranice i imajte na umu da se Rafting Pirate ne mo\u017ee smatrati odgovornim za privatnost tih web stranica. Isti\u010demo va\u017enost Izjave o privatnosti koju mo\u017eete prona\u0107i na svim ostalim web stranicama te skre\u0107emo pozornost na sadr\u017eaj iste. Ova Izjava i Privatnost odnose se isklju\u010divo na podatke prikupljene na ovim web stranicama.<\/p><p>\u0160to je kola\u010di\u0107? \u2013 Kola\u010di\u0107 je tekstualna datoteka koju, prilikom posjeta prvoj stranici, va\u0161 web preglednik pohranjuje na va\u0161 tvrdi disk. To omogu\u0107uje br\u017ee u\u010ditavanje ve\u0107 posje\u0107enih stranica. Kola\u010di\u0107 ne sadr\u017ei nikakve osobne podatke, ali nam poma\u017ee da vam pru\u017eimo posebne usluge dok ste na webu.<\/p><p>Za\u0161to koristiti kola\u010di\u0107e? \u2013 Jedna od klju\u010dnih prednosti kola\u010di\u0107a je u\u0161teda vremena i lak\u0161a navigacija web-stranicom budu\u0107i da kola\u010di\u0107 web-pregledniku daje signal da ste se vratili na stranicu koja je prethodno bila u\u010ditana. Pomo\u0107u kola\u010di\u0107a kreiraju se statisti\u010dki podaci o prisutnosti odre\u0111enih informacija na webu, stoga su oni od velike va\u017enosti u prepoznavanju \u017eelja posjetitelja te nam stoga poma\u017eu da udovoljimo interesima i \u017eeljama kupaca za odre\u0111enim sadr\u017eajem na stranici. Ovdje se nalazi analiti\u010dki odjeljak Google Analyticsa koji se koristi isklju\u010divo za prikupljanje potrebnih informacija o izvedbi na\u0161ih stranica na tr\u017ei\u0161tu.<br \/>\u201cKola\u010di\u0107i\u201d su opcija koju nudi va\u0161 web preglednik. Ve\u0107ina web preglednika postavljena je da automatski prihva\u0107a kola\u010di\u0107e, ali ako \u017eelite, mo\u017eete promijeniti postavke preglednika odbijanjem kola\u010di\u0107a. IP adrese se koriste u svrhu analize trendova i odr\u017eavanja web stranice Rafting Gusar i nisu osobni podaci po kojima se pojedinac mo\u017ee identificirati.<\/p><p>4. Marketin\u0161ke aktivnosti<\/p><p>U slu\u010daju da se \u017eelite prijaviti za Newsletter, zatra\u017eit \u0107emo va\u0161e podatke za odobrenje, kao \u0161to su ime i adresa e-po\u0161te, koje \u0107emo koristiti samo u ove svrhe. U bilo kojem trenutku mo\u017eete se odjaviti s popisa klikom na \u201cOdjava\u201d na dnu maila ili slanjem zahtjeva na na\u0161u e-po\u0161tu gdje \u0107emo od vas tra\u017eiti da uklonite svoje podatke s njega.<\/p><p>5. Sigurnost kori\u0161tenja interneta<\/p><p>Web stranica Rafting Pirate poduzima sve korake kako bi za\u0161titila podatke korisnika. Unos povjerljivih podataka potpuno je siguran i isti su za\u0161ti\u0107eni. Pristup je ograni\u010den samo na osobe koje su du\u017ene pru\u017eiti kvalitetu tra\u017eene usluge.<\/p><p>6. Ograni\u010denje osobne, nekomercijalne uporabe<\/p><p>Ove web stranice namijenjene su korisnicima za osobnu, nekomercijalnu upotrebu. Nije dopu\u0161teno mijenjati, kopirati, distribuirati, prikazivati, objavljivati \u200b\u200bili na drugi na\u010din prenositi ili prodavati bilo koju informaciju, uslugu ili proizvod koji je objavljen na ovoj stranici.<\/p><p>7. Vlasni\u0161tvo<\/p><p>Sadr\u017eaji i formati na ovim stranicama vlasni\u0161tvo su Rafting Gusara, osim radova fotografija koje se ne koriste u komercijalne svrhe te \u0107e na zahtjev autora ili vlasnika biti povu\u010dene sa stranica (osim ako nije druga\u010dije dogovoreno).<\/p><p>8. Ograni\u010denje odgovornosti<\/p><p>Podaci na ovoj stranici smatraju se to\u010dnima u trenutku unosa. Svi podaci \u0107e se redovito pregledavati, a eventualne pogre\u0161ke odmah uklanjati. Rafting Gusar zadr\u017eava pravo izmjene podataka na ovim stranicama bez ikakvih posebnih upozorenja.<\/p><p>9. Zabranjeno nezakonito kori\u0161tenje<\/p><p>Kori\u0161tenjem ovih web stranica sla\u017eete se da se ovdje dobiveni podaci ne\u0107e koristiti u zabranjene ili nezakonite svrhe ili radnje.<\/p><p>10. Promjena ovih Uvjeta poslovanja<\/p><p>Rafting Pirate zadr\u017eava pravo izmjene ovih uvjeta kori\u0161tenja web stranice i ostalih uvjeta poslovanja. Promjene ne utje\u010du na ve\u0107 napravljene i pla\u0107ene rezervacije.<\/p>\t\t\t\t\t\t<\/div>\n\t\t\t\t<\/div>\n\t\t\t\t\t<\/div>\n\t\t\t\t<\/div>\n\t\t<div class=\"elementor-element elementor-element-e94cf92 e-con-boxed e-con\" data-id=\"e94cf92\" data-element_type=\"container\" data-settings=\"{&quot;jet_parallax_layout_list&quot;:[],&quot;content_width&quot;:&quot;boxed&quot;}\">\n\t\t\t\t\t<div class=\"e-con-inner\">\n\t\t\t\t<div class=\"elementor-element elementor-element-228a95f elementor-widget__width-initial elementor-widget-divider--view-line elementor-widget elementor-widget-divider\" data-id=\"228a95f\" data-element_type=\"widget\" data-widget_type=\"divider.default\">\n\t\t\t\t<div class=\"elementor-widget-container\">\n\t\t\t\t\t<div class=\"elementor-divider\">\n\t\t\t<span class=\"elementor-divider-separator\">\n\t\t\t\t\t\t<\/span>\n\t\t<\/div>\n\t\t\t\t<\/div>\n\t\t\t\t<\/div>\n\t\t\t\t\t<\/div>\n\t\t\t\t<\/div>\n\t\t\t\t\t\t\t<\/div>\n\t\t","protected":false},"excerpt":{"rendered":"<p>Kori\u0161tenjem web stranice Rafting Pirate ili bilo koje od ovdje navedenih usluga pristajete na ovdje navedene uvjete kori\u0161tenja. Ako se ne sla\u017eete s uvjetima kori\u0161tenja nemojte koristiti ovu stranicu. Izri\u010dito izjavljujem da podno\u0161enjem zahtjeva i zahtjeva za rezervacije Rafting Piratu dobrovoljno stavljate na raspolaganje potrebne podatke i dopu\u0161tate im da ih koriste za sve poslove [&hellip;]<\/p>\n","protected":false},"author":5,"featured_media":0,"parent":0,"menu_order":0,"comment_status":"closed","ping_status":"closed","template":"elementor_header_footer","meta":[],"yoast_head":"<!-- This site is optimized with the Yoast SEO plugin v20.6 - https:\/\/yoast.com\/wordpress\/plugins\/seo\/ -->\n<title>Izjava o privatnosti - Rafting Pirate<\/title>\n<meta name=\"robots\" content=\"index, follow, max-snippet:-1, max-image-preview:large, max-video-preview:-1\" \/>\n<link rel=\"canonical\" href=\"https:\/\/rafting-pirate.com\/hr\/izjava-o-privatnosti\/\" \/>\n<meta property=\"og:locale\" content=\"hr_HR\" \/>\n<meta property=\"og:type\" content=\"article\" \/>\n<meta property=\"og:title\" content=\"Izjava o privatnosti - Rafting Pirate\" \/>\n<meta property=\"og:description\" content=\"Kori\u0161tenjem web stranice Rafting Pirate ili bilo koje od ovdje navedenih usluga pristajete na ovdje navedene uvjete kori\u0161tenja. Ako se ne sla\u017eete s uvjetima kori\u0161tenja nemojte koristiti ovu stranicu. Izri\u010dito izjavljujem da podno\u0161enjem zahtjeva i zahtjeva za rezervacije Rafting Piratu dobrovoljno stavljate na raspolaganje potrebne podatke i dopu\u0161tate im da ih koriste za sve poslove [&hellip;]\" \/>\n<meta property=\"og:url\" content=\"https:\/\/rafting-pirate.com\/hr\/izjava-o-privatnosti\/\" \/>\n<meta property=\"og:site_name\" content=\"Rafting Pirate\" \/>\n<meta property=\"article:modified_time\" content=\"2023-05-08T06:37:43+00:00\" \/>\n<meta name=\"twitter:card\" content=\"summary_large_image\" \/>\n<meta name=\"twitter:label1\" content=\"Procijenjeno vrijeme \u010ditanja\" \/>\n\t<meta name=\"twitter:data1\" content=\"5 minuta\" \/>\n<script type=\"application\/ld+json\" class=\"yoast-schema-graph\">{\"@context\":\"https:\/\/schema.org\",\"@graph\":[{\"@type\":\"WebPage\",\"@id\":\"https:\/\/rafting-pirate.com\/hr\/izjava-o-privatnosti\/\",\"url\":\"https:\/\/rafting-pirate.com\/hr\/izjava-o-privatnosti\/\",\"name\":\"Izjava o privatnosti - Rafting Pirate\",\"isPartOf\":{\"@id\":\"\/#website\"},\"datePublished\":\"2023-04-26T16:35:25+00:00\",\"dateModified\":\"2023-05-08T06:37:43+00:00\",\"breadcrumb\":{\"@id\":\"https:\/\/rafting-pirate.com\/hr\/izjava-o-privatnosti\/#breadcrumb\"},\"inLanguage\":\"hr\",\"potentialAction\":[{\"@type\":\"ReadAction\",\"target\":[\"https:\/\/rafting-pirate.com\/hr\/izjava-o-privatnosti\/\"]}]},{\"@type\":\"BreadcrumbList\",\"@id\":\"https:\/\/rafting-pirate.com\/hr\/izjava-o-privatnosti\/#breadcrumb\",\"itemListElement\":[{\"@type\":\"ListItem\",\"position\":1,\"name\":\"Home\",\"item\":\"https:\/\/rafting-pirate.com\/hr\/\"},{\"@type\":\"ListItem\",\"position\":2,\"name\":\"Izjava o privatnosti\"}]},{\"@type\":\"WebSite\",\"@id\":\"\/#website\",\"url\":\"\/\",\"name\":\"Rafting Pirate\",\"description\":\"Fantastic rafting on Cetina beauty!\",\"publisher\":{\"@id\":\"\/#organization\"},\"potentialAction\":[{\"@type\":\"SearchAction\",\"target\":{\"@type\":\"EntryPoint\",\"urlTemplate\":\"\/?s={search_term_string}\"},\"query-input\":\"required name=search_term_string\"}],\"inLanguage\":\"hr\"},{\"@type\":\"Organization\",\"@id\":\"\/#organization\",\"name\":\"Rafting Pirate\",\"url\":\"\/\",\"logo\":{\"@type\":\"ImageObject\",\"inLanguage\":\"hr\",\"@id\":\"\/#\/schema\/logo\/image\/\",\"url\":\"https:\/\/rafting-pirate.com\/wp-content\/uploads\/2023\/04\/Logo-color.svg\",\"contentUrl\":\"https:\/\/rafting-pirate.com\/wp-content\/uploads\/2023\/04\/Logo-color.svg\",\"width\":841.89,\"height\":595.28,\"caption\":\"Rafting Pirate\"},\"image\":{\"@id\":\"\/#\/schema\/logo\/image\/\"}}]}<\/script>\n<!-- \/ Yoast SEO plugin. -->","yoast_head_json":{"title":"Izjava o privatnosti - Rafting Pirate","robots":{"index":"index","follow":"follow","max-snippet":"max-snippet:-1","max-image-preview":"max-image-preview:large","max-video-preview":"max-video-preview:-1"},"canonical":"https:\/\/rafting-pirate.com\/hr\/izjava-o-privatnosti\/","og_locale":"hr_HR","og_type":"article","og_title":"Izjava o privatnosti - Rafting Pirate","og_description":"Kori\u0161tenjem web stranice Rafting Pirate ili bilo koje od ovdje navedenih usluga pristajete na ovdje navedene uvjete kori\u0161tenja. Ako se ne sla\u017eete s uvjetima kori\u0161tenja nemojte koristiti ovu stranicu. Izri\u010dito izjavljujem da podno\u0161enjem zahtjeva i zahtjeva za rezervacije Rafting Piratu dobrovoljno stavljate na raspolaganje potrebne podatke i dopu\u0161tate im da ih koriste za sve poslove [&hellip;]","og_url":"https:\/\/rafting-pirate.com\/hr\/izjava-o-privatnosti\/","og_site_name":"Rafting Pirate","article_modified_time":"2023-05-08T06:37:43+00:00","twitter_card":"summary_large_image","twitter_misc":{"Procijenjeno vrijeme \u010ditanja":"5 minuta"},"schema":{"@context":"https:\/\/schema.org","@graph":[{"@type":"WebPage","@id":"https:\/\/rafting-pirate.com\/hr\/izjava-o-privatnosti\/","url":"https:\/\/rafting-pirate.com\/hr\/izjava-o-privatnosti\/","name":"Izjava o privatnosti - Rafting Pirate","isPartOf":{"@id":"\/#website"},"datePublished":"2023-04-26T16:35:25+00:00","dateModified":"2023-05-08T06:37:43+00:00","breadcrumb":{"@id":"https:\/\/rafting-pirate.com\/hr\/izjava-o-privatnosti\/#breadcrumb"},"inLanguage":"hr","potentialAction":[{"@type":"ReadAction","target":["https:\/\/rafting-pirate.com\/hr\/izjava-o-privatnosti\/"]}]},{"@type":"BreadcrumbList","@id":"https:\/\/rafting-pirate.com\/hr\/izjava-o-privatnosti\/#breadcrumb","itemListElement":[{"@type":"ListItem","position":1,"name":"Home","item":"https:\/\/rafting-pirate.com\/hr\/"},{"@type":"ListItem","position":2,"name":"Izjava o privatnosti"}]},{"@type":"WebSite","@id":"\/#website","url":"\/","name":"Rafting Pirate","description":"Fantastic rafting on Cetina beauty!","publisher":{"@id":"\/#organization"},"potentialAction":[{"@type":"SearchAction","target":{"@type":"EntryPoint","urlTemplate":"\/?s={search_term_string}"},"query-input":"required name=search_term_string"}],"inLanguage":"hr"},{"@type":"Organization","@id":"\/#organization","name":"Rafting Pirate","url":"\/","logo":{"@type":"ImageObject","inLanguage":"hr","@id":"\/#\/schema\/logo\/image\/","url":"https:\/\/rafting-pirate.com\/wp-content\/uploads\/2023\/04\/Logo-color.svg","contentUrl":"https:\/\/rafting-pirate.com\/wp-content\/uploads\/2023\/04\/Logo-color.svg","width":841.89,"height":595.28,"caption":"Rafting Pirate"},"image":{"@id":"\/#\/schema\/logo\/image\/"}}]}},"_links":{"self":[{"href":"https:\/\/rafting-pirate.com\/hr\/wp-json\/wp\/v2\/pages\/10960"}],"collection":[{"href":"https:\/\/rafting-pirate.com\/hr\/wp-json\/wp\/v2\/pages"}],"about":[{"href":"https:\/\/rafting-pirate.com\/hr\/wp-json\/wp\/v2\/types\/page"}],"author":[{"embeddable":true,"href":"https:\/\/rafting-pirate.com\/hr\/wp-json\/wp\/v2\/users\/5"}],"replies":[{"embeddable":true,"href":"https:\/\/rafting-pirate.com\/hr\/wp-json\/wp\/v2\/comments?post=10960"}],"version-history":[{"count":15,"href":"https:\/\/rafting-pirate.com\/hr\/wp-json\/wp\/v2\/pages\/10960\/revisions"}],"predecessor-version":[{"id":11885,"href":"https:\/\/rafting-pirate.com\/hr\/wp-json\/wp\/v2\/pages\/10960\/revisions\/11885"}],"wp:attachment":[{"href":"https:\/\/rafting-pirate.com\/hr\/wp-json\/wp\/v2\/media?parent=10960"}],"curies":[{"name":"wp","href":"https:\/\/api.w.org\/{rel}","templated":true}]}}