{"id":10953,"date":"2023-04-26T16:32:04","date_gmt":"2023-04-26T16:32:04","guid":{"rendered":"https:\/\/rafting-pirate.com\/?page_id=10953"},"modified":"2023-04-26T16:34:25","modified_gmt":"2023-04-26T16:34:25","slug":"datenschutzerklaerung","status":"publish","type":"page","link":"https:\/\/rafting-pirate.com\/de\/datenschutzerklaerung\/","title":{"rendered":"Datenschutzerkl\u00e4rung"},"content":{"rendered":"\t\t<div data-elementor-type=\"wp-page\" data-elementor-id=\"10953\" class=\"elementor elementor-10953 elementor-10658\">\n\t\t\t\t\t\t\t<div class=\"elementor-element elementor-element-cccd9ea e-con-boxed e-con\" data-id=\"cccd9ea\" data-element_type=\"container\" data-settings=\"{&quot;jet_parallax_layout_list&quot;:[],&quot;content_width&quot;:&quot;boxed&quot;}\">\n\t\t\t\t\t<div class=\"e-con-inner\">\n\t\t\t\t<div class=\"elementor-element elementor-element-d58dbbd elementor-widget__width-initial elementor-widget-divider--view-line elementor-widget elementor-widget-divider\" data-id=\"d58dbbd\" data-element_type=\"widget\" data-widget_type=\"divider.default\">\n\t\t\t\t<div class=\"elementor-widget-container\">\n\t\t\t<style>\/*! elementor - v3.12.2 - 23-04-2023 *\/\n.elementor-widget-divider{--divider-border-style:none;--divider-border-width:1px;--divider-color:#0c0d0e;--divider-icon-size:20px;--divider-element-spacing:10px;--divider-pattern-height:24px;--divider-pattern-size:20px;--divider-pattern-url:none;--divider-pattern-repeat:repeat-x}.elementor-widget-divider .elementor-divider{display:flex}.elementor-widget-divider .elementor-divider__text{font-size:15px;line-height:1;max-width:95%}.elementor-widget-divider .elementor-divider__element{margin:0 var(--divider-element-spacing);flex-shrink:0}.elementor-widget-divider .elementor-icon{font-size:var(--divider-icon-size)}.elementor-widget-divider .elementor-divider-separator{display:flex;margin:0;direction:ltr}.elementor-widget-divider--view-line_icon .elementor-divider-separator,.elementor-widget-divider--view-line_text .elementor-divider-separator{align-items:center}.elementor-widget-divider--view-line_icon .elementor-divider-separator:after,.elementor-widget-divider--view-line_icon .elementor-divider-separator:before,.elementor-widget-divider--view-line_text .elementor-divider-separator:after,.elementor-widget-divider--view-line_text .elementor-divider-separator:before{display:block;content:\"\";border-bottom:0;flex-grow:1;border-top:var(--divider-border-width) var(--divider-border-style) var(--divider-color)}.elementor-widget-divider--element-align-left .elementor-divider .elementor-divider-separator>.elementor-divider__svg:first-of-type{flex-grow:0;flex-shrink:100}.elementor-widget-divider--element-align-left .elementor-divider-separator:before{content:none}.elementor-widget-divider--element-align-left .elementor-divider__element{margin-left:0}.elementor-widget-divider--element-align-right .elementor-divider .elementor-divider-separator>.elementor-divider__svg:last-of-type{flex-grow:0;flex-shrink:100}.elementor-widget-divider--element-align-right .elementor-divider-separator:after{content:none}.elementor-widget-divider--element-align-right .elementor-divider__element{margin-right:0}.elementor-widget-divider:not(.elementor-widget-divider--view-line_text):not(.elementor-widget-divider--view-line_icon) .elementor-divider-separator{border-top:var(--divider-border-width) var(--divider-border-style) var(--divider-color)}.elementor-widget-divider--separator-type-pattern{--divider-border-style:none}.elementor-widget-divider--separator-type-pattern.elementor-widget-divider--view-line .elementor-divider-separator,.elementor-widget-divider--separator-type-pattern:not(.elementor-widget-divider--view-line) .elementor-divider-separator:after,.elementor-widget-divider--separator-type-pattern:not(.elementor-widget-divider--view-line) .elementor-divider-separator:before,.elementor-widget-divider--separator-type-pattern:not([class*=elementor-widget-divider--view]) .elementor-divider-separator{width:100%;min-height:var(--divider-pattern-height);-webkit-mask-size:var(--divider-pattern-size) 100%;mask-size:var(--divider-pattern-size) 100%;-webkit-mask-repeat:var(--divider-pattern-repeat);mask-repeat:var(--divider-pattern-repeat);background-color:var(--divider-color);-webkit-mask-image:var(--divider-pattern-url);mask-image:var(--divider-pattern-url)}.elementor-widget-divider--no-spacing{--divider-pattern-size:auto}.elementor-widget-divider--bg-round{--divider-pattern-repeat:round}.rtl .elementor-widget-divider .elementor-divider__text{direction:rtl}.e-con-inner>.elementor-widget-divider,.e-con>.elementor-widget-divider{width:var(--container-widget-width,100%);--flex-grow:var(--container-widget-flex-grow)}<\/style>\t\t<div class=\"elementor-divider\">\n\t\t\t<span class=\"elementor-divider-separator\">\n\t\t\t\t\t\t<\/span>\n\t\t<\/div>\n\t\t\t\t<\/div>\n\t\t\t\t<\/div>\n\t\t\t\t<div class=\"elementor-element elementor-element-babba31 elementor-widget__width-initial elementor-widget-divider--view-line elementor-widget elementor-widget-divider\" data-id=\"babba31\" data-element_type=\"widget\" data-widget_type=\"divider.default\">\n\t\t\t\t<div class=\"elementor-widget-container\">\n\t\t\t\t\t<div class=\"elementor-divider\">\n\t\t\t<span class=\"elementor-divider-separator\">\n\t\t\t\t\t\t<\/span>\n\t\t<\/div>\n\t\t\t\t<\/div>\n\t\t\t\t<\/div>\n\t\t\t\t\t<\/div>\n\t\t\t\t<\/div>\n\t\t<div class=\"elementor-element elementor-element-3a46882 e-con-boxed e-con\" data-id=\"3a46882\" data-element_type=\"container\" data-settings=\"{&quot;jet_parallax_layout_list&quot;:[],&quot;content_width&quot;:&quot;boxed&quot;}\">\n\t\t\t\t\t<div class=\"e-con-inner\">\n\t\t\t\t<div class=\"elementor-element elementor-element-dd87ff1 elementor-widget elementor-widget-text-editor\" data-id=\"dd87ff1\" data-element_type=\"widget\" data-widget_type=\"text-editor.default\">\n\t\t\t\t<div class=\"elementor-widget-container\">\n\t\t\t<style>\/*! elementor - v3.12.2 - 23-04-2023 *\/\n.elementor-widget-text-editor.elementor-drop-cap-view-stacked .elementor-drop-cap{background-color:#69727d;color:#fff}.elementor-widget-text-editor.elementor-drop-cap-view-framed .elementor-drop-cap{color:#69727d;border:3px solid;background-color:transparent}.elementor-widget-text-editor:not(.elementor-drop-cap-view-default) .elementor-drop-cap{margin-top:8px}.elementor-widget-text-editor:not(.elementor-drop-cap-view-default) .elementor-drop-cap-letter{width:1em;height:1em}.elementor-widget-text-editor .elementor-drop-cap{float:left;text-align:center;line-height:1;font-size:50px}.elementor-widget-text-editor .elementor-drop-cap-letter{display:inline-block}<\/style>\t\t\t\t<p>Durch die Nutzung der Rafting Pirate-Website oder eines der hier aufgef\u00fchrten Dienste stimmen Sie den Nutzungsbedingungen hier zu. Wenn Sie den Nutzungsbedingungen nicht zustimmen, verwenden Sie diese Website nicht.<\/p><p>Ich erkl\u00e4re ausdr\u00fccklich, dass du mit der \u00dcbermittlung der Anfragen und Buchungsanfragen an Rafting Pirate freiwillig notwendige Daten zur Verf\u00fcgung stellst und diese f\u00fcr alle von dir bei Rafting Pirate eingegebenen und angemeldeten Jobs verwenden darfst.<\/p><p>1. Sammeln und Verwenden von Informationen<\/p><p>In \u00dcbereinstimmung mit dem \u201eDatenschutzgesetz\u201c verpflichtet sich Rafting Pirate, die pers\u00f6nlichen Daten seiner Benutzer nur und ausschlie\u00dflich mit deren Erlaubnis und zu dem Zweck zu sammeln, mit dem der Benutzer des Dienstes zuvor vertraut war. Um die gew\u00fcnschten Dienstleistungen zu realisieren und die erforderlichen Informationen dazu bereitzustellen, verwendet der Rafting-Pirat nur die Informationen, die Sie uns pers\u00f6nlich zur Verf\u00fcgung stellen. Wir verpflichten uns, sie nicht zu verkaufen, an die \u00d6ffentlichkeit zu bringen oder auf eine Weise, die in dieser Erkl\u00e4rung nicht erw\u00e4hnt ist, an Dritte weiterzugeben. Jeder Benutzer hat jederzeit das Recht, die L\u00f6schung oder Aktualisierung seiner Daten zu verlangen, indem er eine Mitteilung an unsere E-Mail sendet.<\/p><p>2. Reservierung von Dienstleistungen<\/p><p>Wenn Sie unseren Service nutzen, ein Produkt kaufen usw., werden wir pers\u00f6nliche Daten der Endbenutzer (Name, Nachname, Telefonnummer) anfordern, dh die Informationen, die wir f\u00fcr g\u00fcltige Dienstleistungen ben\u00f6tigen. Diese Daten werden ausschlie\u00dflich zur Durchf\u00fchrung der Dienstleistung verwendet und stehen nur den an der Durchf\u00fchrung der Dienstleistung beteiligten Partnern zur Verf\u00fcgung. Zahlungsdaten (wie Kartennummern usw.) sind besonders gesch\u00fctzt und stehen aufgrund der erforderlichen Zahlungsautorisierung nur Banken oder Kreditkarteninhabern zur Verf\u00fcgung.<br \/>Wir geben ausdr\u00fccklich an, wann wir Ihre personenbezogenen Daten ben\u00f6tigen. Wir geben Ihre pers\u00f6nlichen Daten an den entsprechenden Drittanbieter weiter, der der Dienstleister ist, den Sie \u00fcber Rafting Pirate bezahlt haben<\/p><p>Wir erinnern daran, dass Sie f\u00fcr die Durchf\u00fchrung von Transaktionen \u00fcber unsere Seiten vollj\u00e4hrig sein m\u00fcssen und Sie hiermit die finanzielle Verantwortung f\u00fcr die Transaktionen \u00fcbernehmen, die von Ihren Personen oder Minderj\u00e4hrigen mit Wohnsitz in Ihrem Haushalt durchgef\u00fchrt werden. Sie sind daf\u00fcr verantwortlich, die Jugendlichen zu beaufsichtigen, die Ihre Informationen hier verwenden, und f\u00fcr die Wahrhaftigkeit und Genauigkeit der Informationen, die Sie uns f\u00fcr die Buchung oder Finanztransaktion zur Verf\u00fcgung stellen. Im Falle eines Missbrauchs dieser Seite (Eingabe einer falschen Reservierung oder \u00e4hnliches) wird der Zugang zu unserer Seite gesperrt.<\/p><p>Wenn Sie feststellen, dass Rafting Pirate diese Grunds\u00e4tze nicht einh\u00e4lt, oder Sie andere Anmerkungen zu Ihrer Gesch\u00e4ftst\u00e4tigkeit haben, teilen Sie uns dies bitte per E-Mail mit und wir werden alle wirtschaftlich gerechtfertigten Anstrengungen unternehmen, um das Problem zu untersuchen und so schnell wie m\u00f6glich zu beheben m\u00f6glich.<\/p><p>Die Rafting Pirate-Website verwendet Google Analytics f\u00fcr Remarketing-Zwecke.<\/p><p>3. Andere Websites und Cookies<\/p><p>Rafting Pirate-Websites enthalten Links zu anderen Websites, und bitte beachten Sie, dass Rafting Pirate nicht f\u00fcr die Privatsph\u00e4re dieser Websites haftbar gemacht werden kann. Wir betonen die Wichtigkeit der Datenschutzerkl\u00e4rung, die Sie auf allen anderen Websites finden, und machen Sie auf deren Inhalt aufmerksam. Diese Erkl\u00e4rung und Datenschutz gelten ausschlie\u00dflich f\u00fcr die auf diesen Websites gesammelten Informationen.<\/p><p>Was ist ein Keks? \u2013 Das Cookie ist eine Textdatei, die Ihr Webbrowser beim Besuch der ersten Seite auf Ihrer Festplatte speichert. Dies erm\u00f6glicht ein schnelleres Hochladen bereits besuchter Seiten. Das Cookie enth\u00e4lt keine pers\u00f6nlichen Informationen, aber es hilft uns, Ihnen spezielle Dienste anzubieten, w\u00e4hrend Sie im Web sind.<\/p><p>Warum Cookies verwenden? \u2013 Einer der Hauptvorteile von Cookies ist die Zeitersparnis und die einfachere Seitennavigation, da das Cookie dem Webbrowser signalisiert, dass Sie zu einer zuvor geladenen Seite zur\u00fcckgekehrt sind. Statistische Informationen \u00fcber das Vorhandensein bestimmter Informationen im Web werden mithilfe von Cookies erstellt, daher sind sie von gro\u00dfer Bedeutung, um die W\u00fcnsche des Besuchers zu erkennen, und helfen uns daher, die Interessen und W\u00fcnsche von Kunden f\u00fcr bestimmte Inhalte auf der Website zu erf\u00fcllen. Hier ist der Analytics-Bereich von Google Analytics, der ausschlie\u00dflich dazu verwendet wird, die notwendigen Informationen \u00fcber die Leistung unserer Seiten auf dem Markt zu sammeln.<br \/>\u201eCookies\u201c sind eine Option, die Ihr Webbrowser anbietet. Die meisten Webbrowser sind so eingestellt, dass sie Cookies automatisch akzeptieren, aber wenn Sie m\u00f6chten, k\u00f6nnen Sie Ihre Browsereinstellungen \u00e4ndern, indem Sie Cookies ablehnen. IP-Adressen werden zum Zwecke der Trendanalyse und Wartung der Rafting Pirate-Website verwendet und sind keine personenbezogenen Daten, die von einer Person identifiziert werden k\u00f6nnen.<\/p><p>4. Marketingaktivit\u00e4ten<\/p><p>Wenn Sie sich f\u00fcr den Newsletter anmelden m\u00f6chten, werden wir Sie um Ihre Zustimmungsinformationen wie Name und E-Mail-Adresse bitten, die wir nur f\u00fcr diese Zwecke verwenden. Sie k\u00f6nnen sich jederzeit von der Liste abmelden, indem Sie unten in der E-Mail auf \u201eAbmelden\u201c klicken oder eine Bewerbung an unsere E-Mail-Adresse senden, in der Sie aufgefordert werden, Ihre Informationen daraus zu entfernen.<\/p><p>5. Sicherheit der Internetnutzung<\/p><p>Die Rafting Pirate-Website unternimmt alle Schritte, um die Informationen des Benutzers zu sch\u00fctzen. Die Eingabe vertraulicher Informationen ist absolut sicher und diese sind gesch\u00fctzt. Der Zugriff darauf ist nur Personen vorbehalten, die f\u00fcr die Erbringung der angeforderten Dienstleistung erforderlich sind.<\/p><p>6. Einschr\u00e4nkung der pers\u00f6nlichen, nicht kommerziellen Nutzung<\/p><p>Diese Websites sind f\u00fcr Benutzer f\u00fcr den pers\u00f6nlichen, nicht kommerziellen Gebrauch bestimmt. Es ist nicht gestattet, auf dieser Website ver\u00f6ffentlichte Informationen, Dienstleistungen oder Produkte zu \u00e4ndern, zu kopieren, zu verteilen, anzuzeigen, zu ver\u00f6ffentlichen oder anderweitig zu \u00fcbertragen oder zu verkaufen.<\/p><p>7. Eigentum<\/p><p>Die Inhalte und Formate auf dieser Seite sind Eigentum von Rafting Pirate, mit Ausnahme der Fotoarbeiten, die nicht f\u00fcr kommerzielle Zwecke verwendet werden und auf Wunsch des Autors oder des Eigent\u00fcmers von der Seite entfernt werden (sofern nicht anders vereinbart).<\/p><p>8. Haftungsbeschr\u00e4nkung<\/p><p>Die Informationen auf dieser Website gelten zum Zeitpunkt der Eingabe als richtig. Alle Daten werden regelm\u00e4\u00dfig \u00fcberpr\u00fcft und etwaige Fehler umgehend behoben. Rafting Pirate beh\u00e4lt sich das Recht vor, die Informationen auf dieser Seite ohne besondere Ank\u00fcndigung zu \u00e4ndern.<\/p><p>9. Verbotene illegale Nutzung<\/p><p>Durch die Nutzung dieser Websites stimmen Sie zu, dass die hier erhaltenen Informationen nicht f\u00fcr verbotene oder illegale Zwecke oder Aktionen verwendet werden.<\/p><p>10. \u00c4nderung dieser Gesch\u00e4ftsbedingungen<\/p><p>Rafting Pirate beh\u00e4lt sich das Recht vor, diese Nutzungsbedingungen der Website und andere Gesch\u00e4ftsbedingungen zu \u00e4ndern. \u00c4nderungen wirken sich nicht auf bereits get\u00e4tigte und bezahlte Reservierungen aus.<\/p>\t\t\t\t\t\t<\/div>\n\t\t\t\t<\/div>\n\t\t\t\t\t<\/div>\n\t\t\t\t<\/div>\n\t\t\t\t\t\t\t<\/div>\n\t\t","protected":false},"excerpt":{"rendered":"<p>Durch die Nutzung der Rafting Pirate-Website oder eines der hier aufgef\u00fchrten Dienste stimmen Sie den Nutzungsbedingungen hier zu. Wenn Sie den Nutzungsbedingungen nicht zustimmen, verwenden Sie diese Website nicht. Ich erkl\u00e4re ausdr\u00fccklich, dass du mit der \u00dcbermittlung der Anfragen und Buchungsanfragen an Rafting Pirate freiwillig notwendige Daten zur Verf\u00fcgung stellst und diese f\u00fcr alle von [&hellip;]<\/p>\n","protected":false},"author":5,"featured_media":0,"parent":0,"menu_order":0,"comment_status":"closed","ping_status":"closed","template":"elementor_header_footer","meta":[],"yoast_head":"<!-- This site is optimized with the Yoast SEO plugin v20.6 - https:\/\/yoast.com\/wordpress\/plugins\/seo\/ -->\n<title>Datenschutzerkl\u00e4rung - Rafting Pirate<\/title>\n<meta name=\"robots\" content=\"index, follow, max-snippet:-1, max-image-preview:large, max-video-preview:-1\" \/>\n<link rel=\"canonical\" href=\"https:\/\/rafting-pirate.com\/de\/datenschutzerklaerung\/\" \/>\n<meta property=\"og:locale\" content=\"de_DE\" \/>\n<meta property=\"og:type\" content=\"article\" \/>\n<meta property=\"og:title\" content=\"Datenschutzerkl\u00e4rung - Rafting Pirate\" \/>\n<meta property=\"og:description\" content=\"Durch die Nutzung der Rafting Pirate-Website oder eines der hier aufgef\u00fchrten Dienste stimmen Sie den Nutzungsbedingungen hier zu. Wenn Sie den Nutzungsbedingungen nicht zustimmen, verwenden Sie diese Website nicht. Ich erkl\u00e4re ausdr\u00fccklich, dass du mit der \u00dcbermittlung der Anfragen und Buchungsanfragen an Rafting Pirate freiwillig notwendige Daten zur Verf\u00fcgung stellst und diese f\u00fcr alle von [&hellip;]\" \/>\n<meta property=\"og:url\" content=\"https:\/\/rafting-pirate.com\/de\/datenschutzerklaerung\/\" \/>\n<meta property=\"og:site_name\" content=\"Rafting Pirate\" \/>\n<meta property=\"article:modified_time\" content=\"2023-04-26T16:34:25+00:00\" \/>\n<meta name=\"twitter:card\" content=\"summary_large_image\" \/>\n<meta name=\"twitter:label1\" content=\"Gesch\u00e4tzte Lesezeit\" \/>\n\t<meta name=\"twitter:data1\" content=\"6\u00a0Minuten\" \/>\n<script type=\"application\/ld+json\" class=\"yoast-schema-graph\">{\"@context\":\"https:\/\/schema.org\",\"@graph\":[{\"@type\":\"WebPage\",\"@id\":\"https:\/\/rafting-pirate.com\/de\/datenschutzerklaerung\/\",\"url\":\"https:\/\/rafting-pirate.com\/de\/datenschutzerklaerung\/\",\"name\":\"Datenschutzerkl\u00e4rung - Rafting Pirate\",\"isPartOf\":{\"@id\":\"\/#website\"},\"datePublished\":\"2023-04-26T16:32:04+00:00\",\"dateModified\":\"2023-04-26T16:34:25+00:00\",\"breadcrumb\":{\"@id\":\"https:\/\/rafting-pirate.com\/de\/datenschutzerklaerung\/#breadcrumb\"},\"inLanguage\":\"de\",\"potentialAction\":[{\"@type\":\"ReadAction\",\"target\":[\"https:\/\/rafting-pirate.com\/de\/datenschutzerklaerung\/\"]}]},{\"@type\":\"BreadcrumbList\",\"@id\":\"https:\/\/rafting-pirate.com\/de\/datenschutzerklaerung\/#breadcrumb\",\"itemListElement\":[{\"@type\":\"ListItem\",\"position\":1,\"name\":\"Home\",\"item\":\"https:\/\/rafting-pirate.com\/de\/\"},{\"@type\":\"ListItem\",\"position\":2,\"name\":\"Datenschutzerkl\u00e4rung\"}]},{\"@type\":\"WebSite\",\"@id\":\"\/#website\",\"url\":\"\/\",\"name\":\"Rafting Pirate\",\"description\":\"Fantastic rafting on Cetina beauty!\",\"publisher\":{\"@id\":\"\/#organization\"},\"potentialAction\":[{\"@type\":\"SearchAction\",\"target\":{\"@type\":\"EntryPoint\",\"urlTemplate\":\"\/?s={search_term_string}\"},\"query-input\":\"required name=search_term_string\"}],\"inLanguage\":\"de\"},{\"@type\":\"Organization\",\"@id\":\"\/#organization\",\"name\":\"Rafting Pirate\",\"url\":\"\/\",\"logo\":{\"@type\":\"ImageObject\",\"inLanguage\":\"de\",\"@id\":\"\/#\/schema\/logo\/image\/\",\"url\":\"https:\/\/rafting-pirate.com\/wp-content\/uploads\/2023\/04\/Logo-color.svg\",\"contentUrl\":\"https:\/\/rafting-pirate.com\/wp-content\/uploads\/2023\/04\/Logo-color.svg\",\"width\":841.89,\"height\":595.28,\"caption\":\"Rafting Pirate\"},\"image\":{\"@id\":\"\/#\/schema\/logo\/image\/\"}}]}<\/script>\n<!-- \/ Yoast SEO plugin. -->","yoast_head_json":{"title":"Datenschutzerkl\u00e4rung - Rafting Pirate","robots":{"index":"index","follow":"follow","max-snippet":"max-snippet:-1","max-image-preview":"max-image-preview:large","max-video-preview":"max-video-preview:-1"},"canonical":"https:\/\/rafting-pirate.com\/de\/datenschutzerklaerung\/","og_locale":"de_DE","og_type":"article","og_title":"Datenschutzerkl\u00e4rung - Rafting Pirate","og_description":"Durch die Nutzung der Rafting Pirate-Website oder eines der hier aufgef\u00fchrten Dienste stimmen Sie den Nutzungsbedingungen hier zu. Wenn Sie den Nutzungsbedingungen nicht zustimmen, verwenden Sie diese Website nicht. Ich erkl\u00e4re ausdr\u00fccklich, dass du mit der \u00dcbermittlung der Anfragen und Buchungsanfragen an Rafting Pirate freiwillig notwendige Daten zur Verf\u00fcgung stellst und diese f\u00fcr alle von [&hellip;]","og_url":"https:\/\/rafting-pirate.com\/de\/datenschutzerklaerung\/","og_site_name":"Rafting Pirate","article_modified_time":"2023-04-26T16:34:25+00:00","twitter_card":"summary_large_image","twitter_misc":{"Gesch\u00e4tzte Lesezeit":"6\u00a0Minuten"},"schema":{"@context":"https:\/\/schema.org","@graph":[{"@type":"WebPage","@id":"https:\/\/rafting-pirate.com\/de\/datenschutzerklaerung\/","url":"https:\/\/rafting-pirate.com\/de\/datenschutzerklaerung\/","name":"Datenschutzerkl\u00e4rung - Rafting Pirate","isPartOf":{"@id":"\/#website"},"datePublished":"2023-04-26T16:32:04+00:00","dateModified":"2023-04-26T16:34:25+00:00","breadcrumb":{"@id":"https:\/\/rafting-pirate.com\/de\/datenschutzerklaerung\/#breadcrumb"},"inLanguage":"de","potentialAction":[{"@type":"ReadAction","target":["https:\/\/rafting-pirate.com\/de\/datenschutzerklaerung\/"]}]},{"@type":"BreadcrumbList","@id":"https:\/\/rafting-pirate.com\/de\/datenschutzerklaerung\/#breadcrumb","itemListElement":[{"@type":"ListItem","position":1,"name":"Home","item":"https:\/\/rafting-pirate.com\/de\/"},{"@type":"ListItem","position":2,"name":"Datenschutzerkl\u00e4rung"}]},{"@type":"WebSite","@id":"\/#website","url":"\/","name":"Rafting Pirate","description":"Fantastic rafting on Cetina beauty!","publisher":{"@id":"\/#organization"},"potentialAction":[{"@type":"SearchAction","target":{"@type":"EntryPoint","urlTemplate":"\/?s={search_term_string}"},"query-input":"required name=search_term_string"}],"inLanguage":"de"},{"@type":"Organization","@id":"\/#organization","name":"Rafting Pirate","url":"\/","logo":{"@type":"ImageObject","inLanguage":"de","@id":"\/#\/schema\/logo\/image\/","url":"https:\/\/rafting-pirate.com\/wp-content\/uploads\/2023\/04\/Logo-color.svg","contentUrl":"https:\/\/rafting-pirate.com\/wp-content\/uploads\/2023\/04\/Logo-color.svg","width":841.89,"height":595.28,"caption":"Rafting Pirate"},"image":{"@id":"\/#\/schema\/logo\/image\/"}}]}},"_links":{"self":[{"href":"https:\/\/rafting-pirate.com\/de\/wp-json\/wp\/v2\/pages\/10953"}],"collection":[{"href":"https:\/\/rafting-pirate.com\/de\/wp-json\/wp\/v2\/pages"}],"about":[{"href":"https:\/\/rafting-pirate.com\/de\/wp-json\/wp\/v2\/types\/page"}],"author":[{"embeddable":true,"href":"https:\/\/rafting-pirate.com\/de\/wp-json\/wp\/v2\/users\/5"}],"replies":[{"embeddable":true,"href":"https:\/\/rafting-pirate.com\/de\/wp-json\/wp\/v2\/comments?post=10953"}],"version-history":[{"count":4,"href":"https:\/\/rafting-pirate.com\/de\/wp-json\/wp\/v2\/pages\/10953\/revisions"}],"predecessor-version":[{"id":10958,"href":"https:\/\/rafting-pirate.com\/de\/wp-json\/wp\/v2\/pages\/10953\/revisions\/10958"}],"wp:attachment":[{"href":"https:\/\/rafting-pirate.com\/de\/wp-json\/wp\/v2\/media?parent=10953"}],"curies":[{"name":"wp","href":"https:\/\/api.w.org\/{rel}","templated":true}]}}