{"id":10948,"date":"2023-04-26T16:27:28","date_gmt":"2023-04-26T16:27:28","guid":{"rendered":"https:\/\/rafting-pirate.com\/?page_id=10948"},"modified":"2025-06-01T06:50:49","modified_gmt":"2025-06-01T06:50:49","slug":"allgemeine-konditionen","status":"publish","type":"page","link":"https:\/\/rafting-pirate.com\/de\/allgemeine-konditionen\/","title":{"rendered":"Allgemeine Konditionen"},"content":{"rendered":"\t\t<div data-elementor-type=\"wp-page\" data-elementor-id=\"10948\" class=\"elementor elementor-10948 elementor-10635\">\n\t\t\t\t\t\t\t<div class=\"elementor-element elementor-element-09b0fa2 e-con-boxed e-con\" data-id=\"09b0fa2\" data-element_type=\"container\" data-settings=\"{&quot;jet_parallax_layout_list&quot;:[],&quot;content_width&quot;:&quot;boxed&quot;}\">\n\t\t\t\t\t<div class=\"e-con-inner\">\n\t\t\t\t<div class=\"elementor-element elementor-element-d8ebd33 elementor-widget__width-initial elementor-widget-divider--view-line elementor-widget elementor-widget-divider\" data-id=\"d8ebd33\" data-element_type=\"widget\" data-widget_type=\"divider.default\">\n\t\t\t\t<div class=\"elementor-widget-container\">\n\t\t\t<style>\/*! elementor - v3.12.2 - 23-04-2023 *\/\n.elementor-widget-divider{--divider-border-style:none;--divider-border-width:1px;--divider-color:#0c0d0e;--divider-icon-size:20px;--divider-element-spacing:10px;--divider-pattern-height:24px;--divider-pattern-size:20px;--divider-pattern-url:none;--divider-pattern-repeat:repeat-x}.elementor-widget-divider .elementor-divider{display:flex}.elementor-widget-divider .elementor-divider__text{font-size:15px;line-height:1;max-width:95%}.elementor-widget-divider .elementor-divider__element{margin:0 var(--divider-element-spacing);flex-shrink:0}.elementor-widget-divider .elementor-icon{font-size:var(--divider-icon-size)}.elementor-widget-divider .elementor-divider-separator{display:flex;margin:0;direction:ltr}.elementor-widget-divider--view-line_icon .elementor-divider-separator,.elementor-widget-divider--view-line_text .elementor-divider-separator{align-items:center}.elementor-widget-divider--view-line_icon .elementor-divider-separator:after,.elementor-widget-divider--view-line_icon .elementor-divider-separator:before,.elementor-widget-divider--view-line_text .elementor-divider-separator:after,.elementor-widget-divider--view-line_text .elementor-divider-separator:before{display:block;content:\"\";border-bottom:0;flex-grow:1;border-top:var(--divider-border-width) var(--divider-border-style) var(--divider-color)}.elementor-widget-divider--element-align-left .elementor-divider .elementor-divider-separator>.elementor-divider__svg:first-of-type{flex-grow:0;flex-shrink:100}.elementor-widget-divider--element-align-left .elementor-divider-separator:before{content:none}.elementor-widget-divider--element-align-left .elementor-divider__element{margin-left:0}.elementor-widget-divider--element-align-right .elementor-divider .elementor-divider-separator>.elementor-divider__svg:last-of-type{flex-grow:0;flex-shrink:100}.elementor-widget-divider--element-align-right .elementor-divider-separator:after{content:none}.elementor-widget-divider--element-align-right .elementor-divider__element{margin-right:0}.elementor-widget-divider:not(.elementor-widget-divider--view-line_text):not(.elementor-widget-divider--view-line_icon) .elementor-divider-separator{border-top:var(--divider-border-width) var(--divider-border-style) var(--divider-color)}.elementor-widget-divider--separator-type-pattern{--divider-border-style:none}.elementor-widget-divider--separator-type-pattern.elementor-widget-divider--view-line .elementor-divider-separator,.elementor-widget-divider--separator-type-pattern:not(.elementor-widget-divider--view-line) .elementor-divider-separator:after,.elementor-widget-divider--separator-type-pattern:not(.elementor-widget-divider--view-line) .elementor-divider-separator:before,.elementor-widget-divider--separator-type-pattern:not([class*=elementor-widget-divider--view]) .elementor-divider-separator{width:100%;min-height:var(--divider-pattern-height);-webkit-mask-size:var(--divider-pattern-size) 100%;mask-size:var(--divider-pattern-size) 100%;-webkit-mask-repeat:var(--divider-pattern-repeat);mask-repeat:var(--divider-pattern-repeat);background-color:var(--divider-color);-webkit-mask-image:var(--divider-pattern-url);mask-image:var(--divider-pattern-url)}.elementor-widget-divider--no-spacing{--divider-pattern-size:auto}.elementor-widget-divider--bg-round{--divider-pattern-repeat:round}.rtl .elementor-widget-divider .elementor-divider__text{direction:rtl}.e-con-inner>.elementor-widget-divider,.e-con>.elementor-widget-divider{width:var(--container-widget-width,100%);--flex-grow:var(--container-widget-flex-grow)}<\/style>\t\t<div class=\"elementor-divider\">\n\t\t\t<span class=\"elementor-divider-separator\">\n\t\t\t\t\t\t<\/span>\n\t\t<\/div>\n\t\t\t\t<\/div>\n\t\t\t\t<\/div>\n\t\t\t\t<div class=\"elementor-element elementor-element-d155bff elementor-widget__width-initial elementor-widget-divider--view-line elementor-widget elementor-widget-divider\" data-id=\"d155bff\" data-element_type=\"widget\" data-widget_type=\"divider.default\">\n\t\t\t\t<div class=\"elementor-widget-container\">\n\t\t\t\t\t<div class=\"elementor-divider\">\n\t\t\t<span class=\"elementor-divider-separator\">\n\t\t\t\t\t\t<\/span>\n\t\t<\/div>\n\t\t\t\t<\/div>\n\t\t\t\t<\/div>\n\t\t\t\t\t<\/div>\n\t\t\t\t<\/div>\n\t\t<div class=\"elementor-element elementor-element-cd9765d e-con-boxed e-con\" data-id=\"cd9765d\" data-element_type=\"container\" data-settings=\"{&quot;jet_parallax_layout_list&quot;:[],&quot;content_width&quot;:&quot;boxed&quot;}\">\n\t\t\t\t\t<div class=\"e-con-inner\">\n\t\t\t\t<div class=\"elementor-element elementor-element-652eb70 elementor-widget elementor-widget-heading\" data-id=\"652eb70\" data-element_type=\"widget\" data-widget_type=\"heading.default\">\n\t\t\t\t<div class=\"elementor-widget-container\">\n\t\t\t<style>\/*! elementor - v3.12.2 - 23-04-2023 *\/\n.elementor-heading-title{padding:0;margin:0;line-height:1}.elementor-widget-heading .elementor-heading-title[class*=elementor-size-]>a{color:inherit;font-size:inherit;line-height:inherit}.elementor-widget-heading .elementor-heading-title.elementor-size-small{font-size:15px}.elementor-widget-heading .elementor-heading-title.elementor-size-medium{font-size:19px}.elementor-widget-heading .elementor-heading-title.elementor-size-large{font-size:29px}.elementor-widget-heading .elementor-heading-title.elementor-size-xl{font-size:39px}.elementor-widget-heading .elementor-heading-title.elementor-size-xxl{font-size:59px}<\/style><h2 class=\"elementor-heading-title elementor-size-default\">STORNIERUNGSPOLITIK<\/h2>\t\t<\/div>\n\t\t\t\t<\/div>\n\t\t\t\t<div class=\"elementor-element elementor-element-1dfcb97 elementor-widget elementor-widget-text-editor\" data-id=\"1dfcb97\" data-element_type=\"widget\" data-widget_type=\"text-editor.default\">\n\t\t\t\t<div class=\"elementor-widget-container\">\n\t\t\t<style>\/*! elementor - v3.12.2 - 23-04-2023 *\/\n.elementor-widget-text-editor.elementor-drop-cap-view-stacked .elementor-drop-cap{background-color:#69727d;color:#fff}.elementor-widget-text-editor.elementor-drop-cap-view-framed .elementor-drop-cap{color:#69727d;border:3px solid;background-color:transparent}.elementor-widget-text-editor:not(.elementor-drop-cap-view-default) .elementor-drop-cap{margin-top:8px}.elementor-widget-text-editor:not(.elementor-drop-cap-view-default) .elementor-drop-cap-letter{width:1em;height:1em}.elementor-widget-text-editor .elementor-drop-cap{float:left;text-align:center;line-height:1;font-size:50px}.elementor-widget-text-editor .elementor-drop-cap-letter{display:inline-block}<\/style>\t\t\t\t<p>Die Stornierung der von einem Gast gebuchten Leistung sollte mehr als 24 Stunden vor Beginn der Dienstleistung per E-Mail oder telefonisch mitgeteilt werden. Stornierungen innerhalb von 24 Stunden vor der Abreise erhalten keine R\u00fcckerstattung.<\/p><p>Rafting Pirate beh\u00e4lt sich auch das Recht vor, jede Tour aufgrund von schlechtem Wetter oder Flussbedingungen zu stornieren. In diesem Fall werden die Passagiere so gut wie m\u00f6glich benachrichtigt und alle Gelder werden vollst\u00e4ndig zur\u00fcckerstattet oder die Reise wird zu einem gemeinsam vereinbarten Zeitpunkt zwischen den Parteien verschoben.<\/p>\t\t\t\t\t\t<\/div>\n\t\t\t\t<\/div>\n\t\t\t\t\t<\/div>\n\t\t\t\t<\/div>\n\t\t<div class=\"elementor-element elementor-element-ab0f587 e-con-boxed e-con\" data-id=\"ab0f587\" data-element_type=\"container\" data-settings=\"{&quot;jet_parallax_layout_list&quot;:[],&quot;content_width&quot;:&quot;boxed&quot;}\">\n\t\t\t\t\t<div class=\"e-con-inner\">\n\t\t\t\t<div class=\"elementor-element elementor-element-5069505 elementor-widget elementor-widget-heading\" data-id=\"5069505\" data-element_type=\"widget\" data-widget_type=\"heading.default\">\n\t\t\t\t<div class=\"elementor-widget-container\">\n\t\t\t<h2 class=\"elementor-heading-title elementor-size-default\">ABGESAGTE TRIPS\n<\/h2>\t\t<\/div>\n\t\t\t\t<\/div>\n\t\t\t\t<div class=\"elementor-element elementor-element-2456aa0 elementor-widget elementor-widget-text-editor\" data-id=\"2456aa0\" data-element_type=\"widget\" data-widget_type=\"text-editor.default\">\n\t\t\t\t<div class=\"elementor-widget-container\">\n\t\t\t\t\t\t\t<p>Wenn die Reise aufgrund der Schuld von Rafting Pirate storniert wird, erhalten alle, die die Reise bezahlt haben, eine volle R\u00fcckerstattung. Wir sind nicht verantwortlich f\u00fcr andere Ausgaben, die Sie w\u00e4hrend der Vorbereitung dieser Reise hatten, zum Beispiel f\u00fcr Flugtickets, Hotelzimmer, Ausr\u00fcstung oder andere Ausgaben.<\/p>\t\t\t\t\t\t<\/div>\n\t\t\t\t<\/div>\n\t\t\t\t\t<\/div>\n\t\t\t\t<\/div>\n\t\t<div class=\"elementor-element elementor-element-a2cdec8 e-con-boxed e-con\" data-id=\"a2cdec8\" data-element_type=\"container\" data-settings=\"{&quot;jet_parallax_layout_list&quot;:[],&quot;content_width&quot;:&quot;boxed&quot;}\">\n\t\t\t\t\t<div class=\"e-con-inner\">\n\t\t\t\t<div class=\"elementor-element elementor-element-17da7b0 elementor-widget elementor-widget-heading\" data-id=\"17da7b0\" data-element_type=\"widget\" data-widget_type=\"heading.default\">\n\t\t\t\t<div class=\"elementor-widget-container\">\n\t\t\t<h2 class=\"elementor-heading-title elementor-size-default\">GESUNDHEIT UND MEDIZIN\n<\/h2>\t\t<\/div>\n\t\t\t\t<\/div>\n\t\t\t\t<div class=\"elementor-element elementor-element-3114b10 elementor-widget elementor-widget-text-editor\" data-id=\"3114b10\" data-element_type=\"widget\" data-widget_type=\"text-editor.default\">\n\t\t\t\t<div class=\"elementor-widget-container\">\n\t\t\t\t\t\t\t<p>Es ist sehr wichtig, dass Sie uns mitteilen, wenn Sie medizinische Probleme haben und welche Medikamente Sie verwenden. Bitte lassen Sie es uns wissen, bevor wir das Rafting beginnen.<\/p>\t\t\t\t\t\t<\/div>\n\t\t\t\t<\/div>\n\t\t\t\t\t<\/div>\n\t\t\t\t<\/div>\n\t\t<div class=\"elementor-element elementor-element-e0ec86b e-con-boxed e-con\" data-id=\"e0ec86b\" data-element_type=\"container\" data-settings=\"{&quot;jet_parallax_layout_list&quot;:[],&quot;content_width&quot;:&quot;boxed&quot;}\">\n\t\t\t\t\t<div class=\"e-con-inner\">\n\t\t\t\t<div class=\"elementor-element elementor-element-df58d9c elementor-widget elementor-widget-heading\" data-id=\"df58d9c\" data-element_type=\"widget\" data-widget_type=\"heading.default\">\n\t\t\t\t<div class=\"elementor-widget-container\">\n\t\t\t<h2 class=\"elementor-heading-title elementor-size-default\">DEINE VERANTWORTUNG\n<\/h2>\t\t<\/div>\n\t\t\t\t<\/div>\n\t\t\t\t<div class=\"elementor-element elementor-element-9219cd5 elementor-widget elementor-widget-text-editor\" data-id=\"9219cd5\" data-element_type=\"widget\" data-widget_type=\"text-editor.default\">\n\t\t\t\t<div class=\"elementor-widget-container\">\n\t\t\t\t\t\t\t<p>Unsere Kunden sind verantwortlich f\u00fcr die Auswahl einer Tour, die ihren Interessen und F\u00e4higkeiten entspricht. Gibt es Unsicherheit dar\u00fcber, z\u00f6gern Sie nicht uns zu kontaktieren.<\/p>\n<p>Unsere Kunden sind nat\u00fcrlich f\u00fcr ihr eigenes Verhalten verantwortlich. Wir fordern, dass die lokalen Gesetze eingehalten werden, und tolerieren nicht die Verwendung von illegalen Drogen oder einen Versto\u00df gegen das kroatische Recht.<\/p>\n<p>Der Veranstalter beh\u00e4lt sich das Recht vor, Personen vom Boot auszuschlie\u00dfen, wenn sie die Sicherheit des restlichen Teams gef\u00e4hrden. In diesem Fall erfolgt keine R\u00fcckerstattung der Zahlung.<\/p>\n<p>Die Teilnahme an dieser Tour erfolgt auf eigene Verantwortung. Der Veranstalter haftet nicht f\u00fcr den Verlust oder Besch\u00e4digung pers\u00f6nlicher Gegenst\u00e4nde oder Wertsachen.<\/p>\t\t\t\t\t\t<\/div>\n\t\t\t\t<\/div>\n\t\t\t\t\t<\/div>\n\t\t\t\t<\/div>\n\t\t<div class=\"elementor-element elementor-element-3a43b5a e-con-boxed e-con\" data-id=\"3a43b5a\" data-element_type=\"container\" data-settings=\"{&quot;jet_parallax_layout_list&quot;:[],&quot;content_width&quot;:&quot;boxed&quot;}\">\n\t\t\t\t\t<div class=\"e-con-inner\">\n\t\t\t\t<div class=\"elementor-element elementor-element-2154ecc elementor-widget elementor-widget-heading\" data-id=\"2154ecc\" data-element_type=\"widget\" data-widget_type=\"heading.default\">\n\t\t\t\t<div class=\"elementor-widget-container\">\n\t\t\t<h2 class=\"elementor-heading-title elementor-size-default\">ALLGEMEINE KLAUSEL<\/h2>\t\t<\/div>\n\t\t\t\t<\/div>\n\t\t\t\t<div class=\"elementor-element elementor-element-db04478 elementor-widget elementor-widget-text-editor\" data-id=\"db04478\" data-element_type=\"widget\" data-widget_type=\"text-editor.default\">\n\t\t\t\t<div class=\"elementor-widget-container\">\n\t\t\t\t\t\t\t<p>Wir behalten uns das Recht vor, die Tour f\u00fcr einen reibungslosen Ablauf zu \u00e4ndern oder die Erfahrung des Gastes zu verbessern. Im Falle einer Anderung aus Gr\u00fcnden, die au\u00dferhalb unserer Kontrolle liegen (obwohl jede Anstrengung unternommen wird, um die Dienstleistungen gem\u00e4\u00df dem Zeitplan zu erbringen), kann der Veranstalter nicht f\u00fcr irgendwelche Anspr\u00fcche verantwortlich gemacht werden. Wir haften nicht f\u00fcr Verluste, Sch\u00e4den, Unf\u00e4lle, Tod, Verletzungen usw. jeglicher Art.<\/p>\t\t\t\t\t\t<\/div>\n\t\t\t\t<\/div>\n\t\t\t\t\t<\/div>\n\t\t\t\t<\/div>\n\t\t\t\t\t\t\t<\/div>\n\t\t","protected":false},"excerpt":{"rendered":"<p>STORNIERUNGSPOLITIK Die Stornierung der von einem Gast gebuchten Leistung sollte mehr als 24 Stunden vor Beginn der Dienstleistung per E-Mail oder telefonisch mitgeteilt werden. Stornierungen innerhalb von 24 Stunden vor der Abreise erhalten keine R\u00fcckerstattung. Rafting Pirate beh\u00e4lt sich auch das Recht vor, jede Tour aufgrund von schlechtem Wetter oder Flussbedingungen zu stornieren. In diesem [&hellip;]<\/p>\n","protected":false},"author":5,"featured_media":0,"parent":0,"menu_order":0,"comment_status":"closed","ping_status":"closed","template":"elementor_header_footer","meta":[],"yoast_head":"<!-- This site is optimized with the Yoast SEO plugin v20.6 - https:\/\/yoast.com\/wordpress\/plugins\/seo\/ -->\n<title>Allgemeine Konditionen - Rafting Pirate<\/title>\n<meta name=\"robots\" content=\"index, follow, max-snippet:-1, max-image-preview:large, max-video-preview:-1\" \/>\n<link rel=\"canonical\" href=\"https:\/\/rafting-pirate.com\/de\/allgemeine-konditionen\/\" \/>\n<meta property=\"og:locale\" content=\"de_DE\" \/>\n<meta property=\"og:type\" content=\"article\" \/>\n<meta property=\"og:title\" content=\"Allgemeine Konditionen - Rafting Pirate\" \/>\n<meta property=\"og:description\" content=\"STORNIERUNGSPOLITIK Die Stornierung der von einem Gast gebuchten Leistung sollte mehr als 24 Stunden vor Beginn der Dienstleistung per E-Mail oder telefonisch mitgeteilt werden. Stornierungen innerhalb von 24 Stunden vor der Abreise erhalten keine R\u00fcckerstattung. Rafting Pirate beh\u00e4lt sich auch das Recht vor, jede Tour aufgrund von schlechtem Wetter oder Flussbedingungen zu stornieren. In diesem [&hellip;]\" \/>\n<meta property=\"og:url\" content=\"https:\/\/rafting-pirate.com\/de\/allgemeine-konditionen\/\" \/>\n<meta property=\"og:site_name\" content=\"Rafting Pirate\" \/>\n<meta property=\"article:modified_time\" content=\"2025-06-01T06:50:49+00:00\" \/>\n<meta name=\"twitter:card\" content=\"summary_large_image\" \/>\n<meta name=\"twitter:label1\" content=\"Gesch\u00e4tzte Lesezeit\" \/>\n\t<meta name=\"twitter:data1\" content=\"2\u00a0Minuten\" \/>\n<script type=\"application\/ld+json\" class=\"yoast-schema-graph\">{\"@context\":\"https:\/\/schema.org\",\"@graph\":[{\"@type\":\"WebPage\",\"@id\":\"https:\/\/rafting-pirate.com\/de\/allgemeine-konditionen\/\",\"url\":\"https:\/\/rafting-pirate.com\/de\/allgemeine-konditionen\/\",\"name\":\"Allgemeine Konditionen - Rafting Pirate\",\"isPartOf\":{\"@id\":\"\/#website\"},\"datePublished\":\"2023-04-26T16:27:28+00:00\",\"dateModified\":\"2025-06-01T06:50:49+00:00\",\"breadcrumb\":{\"@id\":\"https:\/\/rafting-pirate.com\/de\/allgemeine-konditionen\/#breadcrumb\"},\"inLanguage\":\"de\",\"potentialAction\":[{\"@type\":\"ReadAction\",\"target\":[\"https:\/\/rafting-pirate.com\/de\/allgemeine-konditionen\/\"]}]},{\"@type\":\"BreadcrumbList\",\"@id\":\"https:\/\/rafting-pirate.com\/de\/allgemeine-konditionen\/#breadcrumb\",\"itemListElement\":[{\"@type\":\"ListItem\",\"position\":1,\"name\":\"Home\",\"item\":\"https:\/\/rafting-pirate.com\/de\/\"},{\"@type\":\"ListItem\",\"position\":2,\"name\":\"Allgemeine Konditionen\"}]},{\"@type\":\"WebSite\",\"@id\":\"\/#website\",\"url\":\"\/\",\"name\":\"Rafting Pirate\",\"description\":\"Fantastic rafting on Cetina beauty!\",\"publisher\":{\"@id\":\"\/#organization\"},\"potentialAction\":[{\"@type\":\"SearchAction\",\"target\":{\"@type\":\"EntryPoint\",\"urlTemplate\":\"\/?s={search_term_string}\"},\"query-input\":\"required name=search_term_string\"}],\"inLanguage\":\"de\"},{\"@type\":\"Organization\",\"@id\":\"\/#organization\",\"name\":\"Rafting Pirate\",\"url\":\"\/\",\"logo\":{\"@type\":\"ImageObject\",\"inLanguage\":\"de\",\"@id\":\"\/#\/schema\/logo\/image\/\",\"url\":\"https:\/\/rafting-pirate.com\/wp-content\/uploads\/2023\/04\/Logo-color.svg\",\"contentUrl\":\"https:\/\/rafting-pirate.com\/wp-content\/uploads\/2023\/04\/Logo-color.svg\",\"width\":841.89,\"height\":595.28,\"caption\":\"Rafting Pirate\"},\"image\":{\"@id\":\"\/#\/schema\/logo\/image\/\"}}]}<\/script>\n<!-- \/ Yoast SEO plugin. -->","yoast_head_json":{"title":"Allgemeine Konditionen - Rafting Pirate","robots":{"index":"index","follow":"follow","max-snippet":"max-snippet:-1","max-image-preview":"max-image-preview:large","max-video-preview":"max-video-preview:-1"},"canonical":"https:\/\/rafting-pirate.com\/de\/allgemeine-konditionen\/","og_locale":"de_DE","og_type":"article","og_title":"Allgemeine Konditionen - Rafting Pirate","og_description":"STORNIERUNGSPOLITIK Die Stornierung der von einem Gast gebuchten Leistung sollte mehr als 24 Stunden vor Beginn der Dienstleistung per E-Mail oder telefonisch mitgeteilt werden. Stornierungen innerhalb von 24 Stunden vor der Abreise erhalten keine R\u00fcckerstattung. Rafting Pirate beh\u00e4lt sich auch das Recht vor, jede Tour aufgrund von schlechtem Wetter oder Flussbedingungen zu stornieren. In diesem [&hellip;]","og_url":"https:\/\/rafting-pirate.com\/de\/allgemeine-konditionen\/","og_site_name":"Rafting Pirate","article_modified_time":"2025-06-01T06:50:49+00:00","twitter_card":"summary_large_image","twitter_misc":{"Gesch\u00e4tzte Lesezeit":"2\u00a0Minuten"},"schema":{"@context":"https:\/\/schema.org","@graph":[{"@type":"WebPage","@id":"https:\/\/rafting-pirate.com\/de\/allgemeine-konditionen\/","url":"https:\/\/rafting-pirate.com\/de\/allgemeine-konditionen\/","name":"Allgemeine Konditionen - Rafting Pirate","isPartOf":{"@id":"\/#website"},"datePublished":"2023-04-26T16:27:28+00:00","dateModified":"2025-06-01T06:50:49+00:00","breadcrumb":{"@id":"https:\/\/rafting-pirate.com\/de\/allgemeine-konditionen\/#breadcrumb"},"inLanguage":"de","potentialAction":[{"@type":"ReadAction","target":["https:\/\/rafting-pirate.com\/de\/allgemeine-konditionen\/"]}]},{"@type":"BreadcrumbList","@id":"https:\/\/rafting-pirate.com\/de\/allgemeine-konditionen\/#breadcrumb","itemListElement":[{"@type":"ListItem","position":1,"name":"Home","item":"https:\/\/rafting-pirate.com\/de\/"},{"@type":"ListItem","position":2,"name":"Allgemeine Konditionen"}]},{"@type":"WebSite","@id":"\/#website","url":"\/","name":"Rafting Pirate","description":"Fantastic rafting on Cetina beauty!","publisher":{"@id":"\/#organization"},"potentialAction":[{"@type":"SearchAction","target":{"@type":"EntryPoint","urlTemplate":"\/?s={search_term_string}"},"query-input":"required name=search_term_string"}],"inLanguage":"de"},{"@type":"Organization","@id":"\/#organization","name":"Rafting Pirate","url":"\/","logo":{"@type":"ImageObject","inLanguage":"de","@id":"\/#\/schema\/logo\/image\/","url":"https:\/\/rafting-pirate.com\/wp-content\/uploads\/2023\/04\/Logo-color.svg","contentUrl":"https:\/\/rafting-pirate.com\/wp-content\/uploads\/2023\/04\/Logo-color.svg","width":841.89,"height":595.28,"caption":"Rafting Pirate"},"image":{"@id":"\/#\/schema\/logo\/image\/"}}]}},"_links":{"self":[{"href":"https:\/\/rafting-pirate.com\/de\/wp-json\/wp\/v2\/pages\/10948"}],"collection":[{"href":"https:\/\/rafting-pirate.com\/de\/wp-json\/wp\/v2\/pages"}],"about":[{"href":"https:\/\/rafting-pirate.com\/de\/wp-json\/wp\/v2\/types\/page"}],"author":[{"embeddable":true,"href":"https:\/\/rafting-pirate.com\/de\/wp-json\/wp\/v2\/users\/5"}],"replies":[{"embeddable":true,"href":"https:\/\/rafting-pirate.com\/de\/wp-json\/wp\/v2\/comments?post=10948"}],"version-history":[{"count":7,"href":"https:\/\/rafting-pirate.com\/de\/wp-json\/wp\/v2\/pages\/10948\/revisions"}],"predecessor-version":[{"id":22930,"href":"https:\/\/rafting-pirate.com\/de\/wp-json\/wp\/v2\/pages\/10948\/revisions\/22930"}],"wp:attachment":[{"href":"https:\/\/rafting-pirate.com\/de\/wp-json\/wp\/v2\/media?parent=10948"}],"curies":[{"name":"wp","href":"https:\/\/api.w.org\/{rel}","templated":true}]}}